{"id":283,"date":"2018-05-23T20:04:06","date_gmt":"2018-05-23T18:04:06","guid":{"rendered":"http:\/\/www.zadi-drinks.com\/?page_id=283"},"modified":"2018-08-07T06:57:35","modified_gmt":"2018-08-07T04:57:35","slug":"cookie-policy","status":"publish","type":"page","link":"https:\/\/www.zadi-drinks.com\/it\/cookie-policy\/","title":{"rendered":"cookie-policy"},"content":{"rendered":"<p><\/p>\n<h2>Cookies<\/h2>\n<p><strong>Definizioni<\/strong><\/p>\n<p>I cookie sono brevi frammenti di testo (lettere e\/o numeri) che permettono al server web di memorizzare sul client (il browser) informazioni da riutilizzare nel corso della medesima visita al sito (cookie di sessione) o in seguito, anche a distanza di giorni (cookie persistenti). I cookie vengono memorizzati, in base alle preferenze dell&#8217;utente, dal singolo browser sullo specifico dispositivo utilizzato (computer, tablet, smartphone).\u2028Tecnologie similari, come, ad esempio, web beacon, GIF trasparenti e tutte le forme di storage locale introdotte con HTML5, sono utilizzabili per raccogliere informazioni sul comportamento dell&#8217;utente e sull&#8217;utilizzo dei servizi.\u2028Nel seguito di questo documento faremo riferimento ai cookie e a tutte le tecnologie similari utilizzando semplicemente il termine \u201ccookie\u201d.<br \/>\n<strong>Tipologie di cookie<\/strong><\/p>\n<p>In base alle caratteristiche e all&#8217;utilizzo dei cookie possiamo distinguere diverse categorie:<\/p>\n<ul>\n<li><strong>Cookie strettamente necessari<\/strong>. Si tratta di cookie indispensabili per il corretto funzionamento dei siti sopra elencati e sono utilizzati per gestire il login e l&#8217;accesso alle funzioni riservate. La durata dei cookie \u00e8 strettamente limitata alla sessione di lavoro (chiuso il browser vengono cancellati). La loro disattivazione compromette l&#8217;utilizzo dei servizi accessibili da login. La parte pubblica dei siti resta normalmente utilizzabile.<\/li>\n<li><strong>Cookie di analisi e prestazioni<\/strong>. Sono cookie utilizzati per raccogliere e analizzare il traffico e l&#8217;utilizzo del sito in modo anonimo. Questi cookie, pur senza identificare l&#8217;utente, consentono, per esempio, di rilevare se il medesimo utente torna a collegarsi in momenti diversi. Permettono inoltre di monitorare il sistema e migliorarne le prestazioni e l&#8217;usabilit\u00e0. La disattivazione di tali cookie pu\u00f2 essere eseguita senza alcuna perdita di funzionalit\u00e0.<\/li>\n<li><strong>Cookie di profilazione<\/strong>. Si tratta di cookie permanenti utilizzati per identificare (in modo anonimo e non) le preferenze dell&#8217;utente e migliorare la sua esperienza di navigazione. I siti sopra elencati non utilizzano cookie di questo tipo.<\/li>\n<\/ul>\n<p><strong>Cookie di terze parti<\/strong><\/p>\n<p>Visitando un sito web si possono ricevere cookie sia dal sito visitato (\u201cproprietari\u201d), sia da siti gestiti da altre organizzazioni (\u201cterze parti\u201d). Un esempio notevole \u00e8 rappresentato dalla presenza dei \u201csocial plugin\u201d per Facebook, Twitter, Google+. Si tratta di parti della pagina visitata generate direttamente dai suddetti siti ed integrati nella pagina del sito ospitante. L&#8217;utilizzo pi\u00f9 comune dei social plugin \u00e8 finalizzato alla condivisione dei contenuti sui social network.\u2028La presenza di questi plugin comporta la trasmissione di cookie da e verso tutti i siti gestiti da terze parti. La gestione delle informazioni raccolte da \u201cterze parti\u201d \u00e8 disciplinata dalle relative informative cui si prega di fare riferimento. Per garantire una maggiore trasparenza e comodit\u00e0, si riportano qui di seguito gli indirizzi web delle diverse informative e delle modalit\u00e0 per la gestione dei cookie.<\/p>\n<p>\u2022\u00a0\u00a0 \u00a0Facebook informativa:\u00a0<a href=\"https:\/\/www.facebook.com\/help\/cookies\/\">https:\/\/www.facebook.com\/help\/cookies\/<\/a><br \/>\n\u2022\u00a0\u00a0 \u00a0Facebook (configurazione): accedere al proprio account. Sezione privacy.<br \/>\n\u2022\u00a0\u00a0 \u00a0Twitter informative:\u00a0<a href=\"https:\/\/support.twitter.com\/articles\/20170514\">https:\/\/support.twitter.com\/articles\/20170514<\/a><br \/>\n\u2022\u00a0\u00a0 \u00a0Twitter (configurazione):\u00a0<a href=\"https:\/\/twitter.com\/settings\/security\">https:\/\/twitter.com\/settings\/security<\/a><br \/>\n\u2022\u00a0\u00a0 \u00a0Google e Youtube informativa:\u00a0<a href=\"http:\/\/www.google.it\/intl\/it\/policies\/technologies\/cookies\/\">http:\/\/www.google.it\/intl\/it\/policies\/technologies\/cookies\/<\/a><br \/>\n\u2022\u00a0\u00a0 \u00a0Google e Youtube (configurazione):\u00a0<a href=\"http:\/\/www.google.it\/intl\/it\/policies\/technologies\/managing\/\">http:\/\/www.google.it\/intl\/it\/policies\/technologies\/managing\/<\/a><br \/>\n<strong>Durata dei cookie<\/strong><\/p>\n<p>Alcuni cookie (cookie di sessione) restano attivi solo fino alla chiusura del browser o all&#8217;esecuzione del comando di logout. Altri cookie \u201csopravvivono\u201d alla chiusura del browser e sono disponibili anche in successive visite dell&#8217;utente.<\/p>\n<p>Questi cookie sono detti persistenti e la loro durata \u00e8 fissata dal server al momento della loro creazione. In alcuni casi \u00e8 fissata una scadenza, in altri casi la durata \u00e8 illimitata.<\/p>\n<p>Non possiamo escludere che navigando sulle pagine dei siti web sopra elencati, si possa interagire con siti gestiti da terze parti che potrebbero creare o modificare anche cookie permanenti e di profilazione.<\/p>\n<p><strong>Gestione dei cookie<\/strong><\/p>\n<p>L&#8217;utente pu\u00f2 decidere se accettare o meno i cookie utilizzando le impostazioni del proprio browser. Attenzione: la disabilitazione totale o parziale dei cookie tecnici pu\u00f2 compromettere l&#8217;utilizzo delle funzionalit\u00e0 del sito riservate agli utenti registrati. Al contrario, la fruibilit\u00e0 dei contenuti pubblici \u00e8 possibile anche disabilitando completamente i cookie.\u2028La disabilitazione dei cookie \u201cterze parti\u201d non pregiudica in alcun modo la navigabilit\u00e0. L&#8217;impostazione pu\u00f2 essere definita in modo specifico per i diversi siti e applicazioni web. Inoltre i migliori browser consentono di definire impostazioni diverse per i cookie \u201cproprietari\u201d e per quelli di \u201cterze parti\u201d.\u2028A titolo di esempio, in Firefox, attraverso il menu Strumenti-&gt;Opzioni -&gt;Privacy, \u00e8 possibile accedere ad un pannello di controllo dove \u00e8 possibile definire se accettare o meno i diversi tipi di cookie e procedere alla loro rimozione.<br \/>\n\u2022\u00a0\u00a0 \u00a0Chrome:\u00a0<a href=\"https:\/\/support.google.com\/chrome\/answer\/95647?hl=it\">https:\/\/support.google.com\/chrome\/answer\/95647?hl=it<\/a><br \/>\n\u2022\u00a0\u00a0 \u00a0Firefox:\u00a0<a href=\"https:\/\/support.mozilla.org\/it\/kb\/Gestione%20dei%20cookie\">https:\/\/support.mozilla.org\/it\/kb\/Gestione%20dei%20cookie<\/a><br \/>\n\u2022\u00a0\u00a0 \u00a0Internet Explorer:\u00a0<a href=\"http:\/\/windows.microsoft.com\/it-it\/windows7\/how-to-manage-cookies-in-internet-explorer-9\">http:\/\/windows.microsoft.com\/it-it\/windows7\/how-to-manage-cookies-in-internet-explorer-9<\/a><br \/>\n\u2022\u00a0\u00a0 \u00a0Opera:\u00a0<a href=\"http:\/\/help.opera.com\/Windows\/10.00\/it\/cookies.html\">http:\/\/help.opera.com\/Windows\/10.00\/it\/cookies.html<\/a><br \/>\n\u2022\u00a0\u00a0 \u00a0Safari:\u00a0<a href=\"http:\/\/support.apple.com\/kb\/HT1677?viewlocale=it_IT\">http:\/\/support.apple.com\/kb\/HT1677?viewlocale=it_IT<\/a><\/p>\n<p><strong>Google Analytics<\/strong><\/p>\n<p><strong>Google Cookies:<\/strong><br \/>\n__utma, illimitato: questo cookie contiene informazioni riguardo alla frequenza in cui l\u00b4utente visita il sito.<br \/>\n__utmb, fino fine seduta: questo cookie memorizza l\u00b4accesso al sito. Insieme al cookie __utmc pu\u00f2 dare informazioni sulla durata della seduta dell\u2019utente.<br \/>\n__utmc, 30 minuti: questo cookie contiene l\u2019informazione su quando l\u2019utente lascia il sito. In combinazione al cookie __utmb questo cookie da informazioni sulla durata della visita.<br \/>\n__ utmk, illimitato: questo cookie comprende un valore per tutti i cookie UTM descritti<br \/>\n__utmv, illimitato: questo cookie \u00e8 pensato per contenuti individuali e serve per definire analisi dell\u2019utente<br \/>\n__utmx, 2 anni: contiene i valori del Google Website Optimizer.<br \/>\n__utmz, 6 mesi: analisi del processo di ricerca dell\u00b4utente come informazioni sul motore di ricerca, le parole di ricerca utilizzate o dove \u00e8 registrato l\u2019indirizzo IP.<\/p>\n<p><strong>Ulteriori Cookie<\/strong><br \/>\n_ga, 2 anni: per differenziare utenti<br \/>\n_gat, 10 min: per generare oggetti per il tracking<br \/>\nzdst, sessione: ha un valore univoco per ogni utente e memorizza _utm cookie di Google e l\u2019indirizzo IP, la lingua del browser e la pagina di accesso al sito.<\/p>","protected":false},"excerpt":{"rendered":"<p>Cookies Definizioni I cookie sono brevi frammenti di testo (lettere e\/o numeri) che permettono al server web di memorizzare sul client (il browser) informazioni da riutilizzare nel corso della medesima visita al sito (cookie di sessione) o in seguito, anche a distanza di giorni (cookie persistenti). I cookie vengono memorizzati, in base alle preferenze dell&#8217;utente, [&hellip;]<\/p>\n","protected":false},"author":1,"featured_media":287,"parent":0,"menu_order":0,"comment_status":"closed","ping_status":"closed","template":"fullwith.php","meta":{"footnotes":""},"_links":{"self":[{"href":"https:\/\/www.zadi-drinks.com\/it\/wp-json\/wp\/v2\/pages\/283"}],"collection":[{"href":"https:\/\/www.zadi-drinks.com\/it\/wp-json\/wp\/v2\/pages"}],"about":[{"href":"https:\/\/www.zadi-drinks.com\/it\/wp-json\/wp\/v2\/types\/page"}],"author":[{"embeddable":true,"href":"https:\/\/www.zadi-drinks.com\/it\/wp-json\/wp\/v2\/users\/1"}],"replies":[{"embeddable":true,"href":"https:\/\/www.zadi-drinks.com\/it\/wp-json\/wp\/v2\/comments?post=283"}],"version-history":[{"count":4,"href":"https:\/\/www.zadi-drinks.com\/it\/wp-json\/wp\/v2\/pages\/283\/revisions"}],"predecessor-version":[{"id":374,"href":"https:\/\/www.zadi-drinks.com\/it\/wp-json\/wp\/v2\/pages\/283\/revisions\/374"}],"wp:featuredmedia":[{"embeddable":true,"href":"https:\/\/www.zadi-drinks.com\/it\/wp-json\/wp\/v2\/media\/287"}],"wp:attachment":[{"href":"https:\/\/www.zadi-drinks.com\/it\/wp-json\/wp\/v2\/media?parent=283"}],"curies":[{"name":"wp","href":"https:\/\/api.w.org\/{rel}","templated":true}]}}