{"id":8,"date":"2015-05-28T12:08:08","date_gmt":"2015-05-28T10:08:08","guid":{"rendered":"http:\/\/zadi.drophost.it\/?page_id=8"},"modified":"2022-05-10T16:03:25","modified_gmt":"2022-05-10T14:03:25","slug":"produkte","status":"publish","type":"page","link":"https:\/\/www.zadi-drinks.com\/it\/produkte\/","title":{"rendered":"Prodotti"},"content":{"rendered":"<p><div class='spacer-xl'><\/div><br \/>\n<div class='col-lg-2 col-md-2 col-sm-6 col-lg-offset-5 col-md-offset-5'><img loading=\"lazy\" decoding=\"async\" class=\"img-responsive alignnone wp-image-383 size-full\" src=\"https:\/\/www.zadi-drinks.com\/wp-content\/uploads\/2022\/05\/hugo-2022-1mb.png\" alt=\"\" width=\"215\" height=\"700\" srcset=\"https:\/\/www.zadi-drinks.com\/wp-content\/uploads\/2022\/05\/hugo-2022-1mb.png 215w, https:\/\/www.zadi-drinks.com\/wp-content\/uploads\/2022\/05\/hugo-2022-1mb-92x300.png 92w\" sizes=\"(max-width: 215px) 100vw, 215px\" \/><\/div><br \/>\n<div class='col-lg-5 col-md-5 col-sm-5'><\/p>\n<h2>Hugo l&#8217; Originale<\/h2>\n<p class=\"p1\"><span class=\"s1\">Da decenni, in Alto Adige, \u00e8 tradizione ricavare uno sciroppo dal fiore di sambuco, mixarlo con vino spumante, e servirlo come aperitivo. Questo drink viene chiamato Hugo.<\/span><\/p>\n<p class=\"p1\"><span class=\"s1\">L&#8217;aperitivo viene abitualmente servito su alcuni cubetti di ghiaccio e foglie di menta, e la sua freschezza viene ulteriormente esaltata dall&#8217;incontro del vino spumante e del fiore di sambuco con menta pestata.<\/span><\/p>\n<p class=\"p1\"><span class=\"s1\">Restando totalmente fedele alla ricetta originale. Zadi ha sviluppato un &#8216;Hugo&#8217; gia mixato e pronto all uso, senza fare uso di conservanti. &#8216;Hugo l&#8217; originale&#8217; \u00e8 ottenuto dall&#8217;utilizzo esclusivo di estratti 100% naturali di fiore di sambuco e menta. <\/span><\/p>\n<p><\/div><br \/>\n<div class='spacer-xl'><\/div><\/p>\n<\/div><div class='box-holstery'>\n<div class=\"container\">\n<div class='col-lg-5 col-md-5 col-sm-5'><\/p>\n<h2 class=\"p1\"><span class=\"s1\">Gran Cuv\u00e9e Spumante ZADI<\/span><\/h2>\n<p class=\"p1\"><span class=\"s1\">Per il nostro Gran Cuv\u00e9e Spumante scegliamo uve nei vigneti pi\u00fa soleggiati del nord d&#8217;Italia. Questi dopo la vinificazione vengono portati in spumantificazione secondo il Methodo Charmat.<\/span><\/p>\n<p class=\"p1\"><span class=\"s1\">Nel Gran Cuv\u00e9e ZADI troviamo soprattutto Pinot Grigio, Pinot Bianco, Glera e Verduzzo. Il nostro Gran Cuv\u00e9e \u00e9 adatto a qualsiasi manifestazione per brindare, come aperitivo o accompagnatore al finger food. Va benissimo anche per pasti leggeri mediterranei e pesce. <\/span><\/p>\n<p class=\"p1\"><span class=\"s1\">Stupisce per la sua leggerezza e la sua nota di agrumi, mele e pere. Ha una bella perlage con riflessi gialli chiari.<\/span><\/p>\n<p><\/div>\n<div class='col-lg-2 col-md-2 col-sm-2'><img loading=\"lazy\" decoding=\"async\" class=\"img-responsive alignnone wp-image-352 size-full\" src=\"http:\/\/www.zadi-drinks.com\/wp-content\/uploads\/2015\/05\/gran_cuvee-slim.png\" alt=\"\" width=\"243\" height=\"700\" srcset=\"https:\/\/www.zadi-drinks.com\/wp-content\/uploads\/2015\/05\/gran_cuvee-slim.png 243w, https:\/\/www.zadi-drinks.com\/wp-content\/uploads\/2015\/05\/gran_cuvee-slim-104x300.png 104w\" sizes=\"(max-width: 243px) 100vw, 243px\" \/><\/div>\n<\/div>\n<p><\/div><div class='container' id='main-container' data-midnight='white'><br \/>\n<div class='spacer-xl'><\/div><br \/>\n<div class='col-lg-6 col-md-6 col-sm-6'><img loading=\"lazy\" decoding=\"async\" class=\"alignnone wp-image-321 size-full\" src=\"http:\/\/www.zadi-drinks.com\/wp-content\/uploads\/2015\/05\/3-hugo-klein-sm.png\" alt=\"\" width=\"300\" height=\"300\" srcset=\"https:\/\/www.zadi-drinks.com\/wp-content\/uploads\/2015\/05\/3-hugo-klein-sm.png 300w, https:\/\/www.zadi-drinks.com\/wp-content\/uploads\/2015\/05\/3-hugo-klein-sm-150x150.png 150w\" sizes=\"(max-width: 300px) 100vw, 300px\" \/><\/div><br \/>\n<div class='col-lg-6 col-md-6 col-sm-6'><div class='spacer-lg'><\/div><\/p>\n<h1>Even as Take-Away<\/h1>\n<p><\/div><br \/>\n<div class='spacer-xl'><\/div><\/p>","protected":false},"excerpt":{"rendered":"","protected":false},"author":1,"featured_media":0,"parent":0,"menu_order":0,"comment_status":"open","ping_status":"open","template":"fullwith-produkt.php","meta":{"footnotes":""},"_links":{"self":[{"href":"https:\/\/www.zadi-drinks.com\/it\/wp-json\/wp\/v2\/pages\/8"}],"collection":[{"href":"https:\/\/www.zadi-drinks.com\/it\/wp-json\/wp\/v2\/pages"}],"about":[{"href":"https:\/\/www.zadi-drinks.com\/it\/wp-json\/wp\/v2\/types\/page"}],"author":[{"embeddable":true,"href":"https:\/\/www.zadi-drinks.com\/it\/wp-json\/wp\/v2\/users\/1"}],"replies":[{"embeddable":true,"href":"https:\/\/www.zadi-drinks.com\/it\/wp-json\/wp\/v2\/comments?post=8"}],"version-history":[{"count":57,"href":"https:\/\/www.zadi-drinks.com\/it\/wp-json\/wp\/v2\/pages\/8\/revisions"}],"predecessor-version":[{"id":397,"href":"https:\/\/www.zadi-drinks.com\/it\/wp-json\/wp\/v2\/pages\/8\/revisions\/397"}],"wp:attachment":[{"href":"https:\/\/www.zadi-drinks.com\/it\/wp-json\/wp\/v2\/media?parent=8"}],"curies":[{"name":"wp","href":"https:\/\/api.w.org\/{rel}","templated":true}]}}